{"id":1107,"date":"2021-06-25T15:42:00","date_gmt":"2021-06-25T13:42:00","guid":{"rendered":"http:\/\/klangatelier.at\/?page_id=1107"},"modified":"2024-12-30T23:16:01","modified_gmt":"2024-12-30T22:16:01","slug":"anmeldung","status":"publish","type":"page","link":"https:\/\/klangatelier.at\/en\/anmeldung\/","title":{"rendered":"Anmeldung &#038; Kursgeb\u00fchren"},"content":{"rendered":"\n<p><\/p>\n\n\n\n<h4 class=\"wp-block-heading alignwide has-text-align-center\">Und schlussendlich landet man hier. Ein paar Kleinigkeiten fehlen noch.<\/h4>\n\n\n\n<h2 class=\"wp-block-heading has-text-align-center\">ANMELDEFORMULAR<\/h2>\n\n\n\n<p class=\"has-text-align-center\">Schreibt uns einfach eine Nachricht per E-Mail und wir schicken euch ein Anmeldeformular zu. Oder informiert euch nochmals davor.<\/p>\n\n\n\n<div class=\"wp-block-buttons is-horizontal is-content-justification-center is-layout-flex wp-container-core-buttons-is-layout-499968f5 wp-block-buttons-is-layout-flex\">\n<div class=\"wp-block-button\"><a class=\"wp-block-button__link wp-element-button\" href=\"mailto:kontakt@klangatelier.at\" target=\"_blank\" rel=\"noreferrer noopener\">E-Mail Senden<\/a><\/div>\n<\/div>\n\n\n\n<h2 class=\"wp-block-heading\"><strong>Anmeldefrist<\/strong> &#038; Einstiegsm\u00f6glichkeiten<\/h2>\n\n\n\n<p>Einzelunterricht: Einstieg immer m\u00f6glich<br>Privatstudium: bis 30.09. (Wintersemester) &#038; bis 30.02. (Sommersemester)<\/p>\n\n\n\n<div class=\"wp-block-group alignwide\"><div class=\"wp-block-group__inner-container is-layout-flow wp-block-group-is-layout-flow\">\n<h3 class=\"wp-block-heading\">Kursgeb\u00fchren<\/h3>\n\n\n\n<p><strong>Musik- und Kunstunterricht<\/strong><br>\u20ac150\/Monat (2 Privatstunden \u00e0 60 min.)<\/p>\n\n\n\n<p><strong>Privatstudium<\/strong><br>\u20ac380\/Monat (inkl. Zertifikat &#8220;Professional of Arts&#8221;)<\/p>\n\n\n\n<p><\/p>\n<\/div><\/div>\n\n\n\n<h2 class=\"wp-block-heading\"><strong>Bindung<\/strong> <\/h2>\n\n\n\n<p>Musik- und Kunstunterricht sowie Privatstudium: 1 Institutsjahr (01.09.-30.06.)<\/p>\n","protected":false},"excerpt":{"rendered":"<p>Und schlussendlich landet man hier. Ein paar Kleinigkeiten fehlen noch. ANMELDEFORMULAR Schreibt uns einfach eine Nachricht per E-Mail und wir schicken euch ein Anmeldeformular zu. Oder informiert euch nochmals davor. Anmeldefrist &#038; Einstiegsm\u00f6glichkeiten Einzelunterricht: Einstieg immer m\u00f6glichPrivatstudium: bis 30.09. (Wintersemester) &#038; bis 30.02. (Sommersemester) Kursgeb\u00fchren Musik- und Kunstunterricht\u20ac150\/Monat (2 Privatstunden \u00e0 60 min.) Privatstudium\u20ac380\/Monat (inkl. [&hellip;]<\/p>\n","protected":false},"author":1,"featured_media":0,"parent":0,"menu_order":0,"comment_status":"closed","ping_status":"closed","template":"templates\/template-full-width.php","meta":{"footnotes":""},"class_list":["post-1107","page","type-page","status-publish","hentry"],"_links":{"self":[{"href":"https:\/\/klangatelier.at\/en\/wp-json\/wp\/v2\/pages\/1107","targetHints":{"allow":["GET"]}}],"collection":[{"href":"https:\/\/klangatelier.at\/en\/wp-json\/wp\/v2\/pages"}],"about":[{"href":"https:\/\/klangatelier.at\/en\/wp-json\/wp\/v2\/types\/page"}],"author":[{"embeddable":true,"href":"https:\/\/klangatelier.at\/en\/wp-json\/wp\/v2\/users\/1"}],"replies":[{"embeddable":true,"href":"https:\/\/klangatelier.at\/en\/wp-json\/wp\/v2\/comments?post=1107"}],"version-history":[{"count":9,"href":"https:\/\/klangatelier.at\/en\/wp-json\/wp\/v2\/pages\/1107\/revisions"}],"predecessor-version":[{"id":3347,"href":"https:\/\/klangatelier.at\/en\/wp-json\/wp\/v2\/pages\/1107\/revisions\/3347"}],"wp:attachment":[{"href":"https:\/\/klangatelier.at\/en\/wp-json\/wp\/v2\/media?parent=1107"}],"curies":[{"name":"wp","href":"https:\/\/api.w.org\/{rel}","templated":true}]}}