{"id":1143,"date":"2021-07-01T11:38:17","date_gmt":"2021-07-01T09:38:17","guid":{"rendered":"http:\/\/klangatelier.at\/?page_id=1143"},"modified":"2022-04-04T19:19:47","modified_gmt":"2022-04-04T17:19:47","slug":"agb","status":"publish","type":"page","link":"https:\/\/klangatelier.at\/en\/agb\/","title":{"rendered":"AGB"},"content":{"rendered":"\n<figure class=\"wp-block-gallery alignwide has-nested-images columns-default is-cropped wp-block-gallery-1 is-layout-flex wp-block-gallery-is-layout-flex\">\n<figure class=\"wp-block-image size-large\"><img loading=\"lazy\" decoding=\"async\" width=\"1024\" height=\"683\" data-id=\"44\" src=\"https:\/\/klangatelier.at\/wp-content\/uploads\/2020\/11\/KA_TeppichPiano-1024x683.jpg\" alt=\"\" class=\"wp-image-44\" srcset=\"https:\/\/klangatelier.at\/wp-content\/uploads\/2020\/11\/KA_TeppichPiano-1024x683.jpg 1024w, https:\/\/klangatelier.at\/wp-content\/uploads\/2020\/11\/KA_TeppichPiano-scaled-600x400.jpg 600w, https:\/\/klangatelier.at\/wp-content\/uploads\/2020\/11\/KA_TeppichPiano-300x200.jpg 300w, https:\/\/klangatelier.at\/wp-content\/uploads\/2020\/11\/KA_TeppichPiano-768x512.jpg 768w, https:\/\/klangatelier.at\/wp-content\/uploads\/2020\/11\/KA_TeppichPiano-1536x1024.jpg 1536w, https:\/\/klangatelier.at\/wp-content\/uploads\/2020\/11\/KA_TeppichPiano-2048x1365.jpg 2048w, https:\/\/klangatelier.at\/wp-content\/uploads\/2020\/11\/KA_TeppichPiano-1200x800.jpg 1200w, https:\/\/klangatelier.at\/wp-content\/uploads\/2020\/11\/KA_TeppichPiano-1980x1320.jpg 1980w\" sizes=\"auto, (max-width: 1024px) 100vw, 1024px\" \/><\/figure>\n\n\n\n<figure class=\"wp-block-image size-large\"><img loading=\"lazy\" decoding=\"async\" width=\"1024\" height=\"512\" data-id=\"53\" src=\"https:\/\/klangatelier.at\/wp-content\/uploads\/2020\/11\/BETONT-DAS-LEBEN_HEADER_VSSOMA-1024x512.jpeg\" alt=\"\" class=\"wp-image-53\" srcset=\"https:\/\/klangatelier.at\/wp-content\/uploads\/2020\/11\/BETONT-DAS-LEBEN_HEADER_VSSOMA-1024x512.jpeg 1024w, https:\/\/klangatelier.at\/wp-content\/uploads\/2020\/11\/BETONT-DAS-LEBEN_HEADER_VSSOMA-600x300.jpeg 600w, https:\/\/klangatelier.at\/wp-content\/uploads\/2020\/11\/BETONT-DAS-LEBEN_HEADER_VSSOMA-300x150.jpeg 300w, https:\/\/klangatelier.at\/wp-content\/uploads\/2020\/11\/BETONT-DAS-LEBEN_HEADER_VSSOMA-768x384.jpeg 768w, https:\/\/klangatelier.at\/wp-content\/uploads\/2020\/11\/BETONT-DAS-LEBEN_HEADER_VSSOMA-1536x768.jpeg 1536w, https:\/\/klangatelier.at\/wp-content\/uploads\/2020\/11\/BETONT-DAS-LEBEN_HEADER_VSSOMA-1200x600.jpeg 1200w, https:\/\/klangatelier.at\/wp-content\/uploads\/2020\/11\/BETONT-DAS-LEBEN_HEADER_VSSOMA.jpeg 1599w\" sizes=\"auto, (max-width: 1024px) 100vw, 1024px\" \/><\/figure>\n<\/figure>\n\n\n\n<div class=\"wp-block-file\"><a id=\"wp-block-file--media-1f4ed9c4-fc63-4762-a4ba-7827681a4bb3\" href=\"https:\/\/klangatelier.at\/wp-content\/uploads\/2022\/04\/MAGO-KLANGATELIER_2021_22_AGB.pdf\" target=\"_blank\" rel=\"noreferrer noopener\">MAGO KLANGATELIER: AGB<\/a><a href=\"https:\/\/klangatelier.at\/wp-content\/uploads\/2022\/04\/MAGO-KLANGATELIER_2021_22_AGB.pdf\" class=\"wp-block-file__button\" download aria-describedby=\"wp-block-file--media-1f4ed9c4-fc63-4762-a4ba-7827681a4bb3\">Herunterladen<\/a><\/div>\n\n\n\n<p>Unsere Allgemeinen Gesch\u00e4ftsbedingungen f\u00fcr euch.<\/p>\n\n\n\n<p><strong>Fair. F\u00fcr alle. <\/strong><\/p>\n\n\n\n<p>Bei Fragen stehen wir gerne zur Verf\u00fcgung.<\/p>\n","protected":false},"excerpt":{"rendered":"<p>Unsere Allgemeinen Gesch\u00e4ftsbedingungen f\u00fcr euch. Fair. F\u00fcr alle. Bei Fragen stehen wir gerne zur Verf\u00fcgung.<\/p>\n","protected":false},"author":1,"featured_media":0,"parent":0,"menu_order":0,"comment_status":"closed","ping_status":"closed","template":"","meta":{"footnotes":""},"class_list":["post-1143","page","type-page","status-publish","hentry"],"_links":{"self":[{"href":"https:\/\/klangatelier.at\/en\/wp-json\/wp\/v2\/pages\/1143","targetHints":{"allow":["GET"]}}],"collection":[{"href":"https:\/\/klangatelier.at\/en\/wp-json\/wp\/v2\/pages"}],"about":[{"href":"https:\/\/klangatelier.at\/en\/wp-json\/wp\/v2\/types\/page"}],"author":[{"embeddable":true,"href":"https:\/\/klangatelier.at\/en\/wp-json\/wp\/v2\/users\/1"}],"replies":[{"embeddable":true,"href":"https:\/\/klangatelier.at\/en\/wp-json\/wp\/v2\/comments?post=1143"}],"version-history":[{"count":10,"href":"https:\/\/klangatelier.at\/en\/wp-json\/wp\/v2\/pages\/1143\/revisions"}],"predecessor-version":[{"id":2779,"href":"https:\/\/klangatelier.at\/en\/wp-json\/wp\/v2\/pages\/1143\/revisions\/2779"}],"wp:attachment":[{"href":"https:\/\/klangatelier.at\/en\/wp-json\/wp\/v2\/media?parent=1143"}],"curies":[{"name":"wp","href":"https:\/\/api.w.org\/{rel}","templated":true}]}}