{"id":1899,"date":"2021-08-09T10:27:00","date_gmt":"2021-08-09T08:27:00","guid":{"rendered":"https:\/\/klangatelier.at\/?page_id=1899"},"modified":"2025-04-28T18:45:49","modified_gmt":"2025-04-28T16:45:49","slug":"paedagogik","status":"publish","type":"page","link":"https:\/\/klangatelier.at\/en\/paedagogik\/","title":{"rendered":"P\u00e4dagogik"},"content":{"rendered":"\n<div class=\"wp-block-media-text alignwide has-media-on-the-right is-stacked-on-mobile is-image-fill-element\" style=\"grid-template-columns:auto 35%\"><div class=\"wp-block-media-text__content\">\n<h5 class=\"wp-block-heading\">Marie-Therese Goiser<\/h5>\n\n\n\n<h2 class=\"wp-block-heading has-primary-color has-text-color has-link-color wp-elements-f4c8680000817fc684688645e894060b\">Learn from the Professional<\/h2>\n\n\n\n<p><em>Universit\u00e4t Wien, Hosei Universit\u00e4t (Tokio), Universit\u00e9 Paris, Angewandte.<\/em><\/p>\n\n\n\n<p>&#8220;Ich war auf Wanderschaft und vereine in meiner P\u00e4dagogik s\u00e4mtliches Wissen meiner Reisen. Vieles ist in der Post-Produktion im Atelier entstanden und manches unterwegs. Mir ist wichtig meinen Unterricht nicht nur in Wien anzubieten, deswegen ist Online-Unterricht eine gute Alternative mit hervorragenden Ergebnissen.&#8221;<\/p>\n<\/div><figure class=\"wp-block-media-text__media\"><img loading=\"lazy\" decoding=\"async\" width=\"768\" height=\"1024\" src=\"https:\/\/klangatelier.at\/wp-content\/uploads\/2025\/01\/1f21440a-c76d-4f11-ae14-dfb4d73bc6fe-768x1024.jpeg\" alt=\"\" class=\"wp-image-3597 size-full\" style=\"object-position:50% 50%\" srcset=\"https:\/\/klangatelier.at\/wp-content\/uploads\/2025\/01\/1f21440a-c76d-4f11-ae14-dfb4d73bc6fe-768x1024.jpeg 768w, https:\/\/klangatelier.at\/wp-content\/uploads\/2025\/01\/1f21440a-c76d-4f11-ae14-dfb4d73bc6fe-225x300.jpeg 225w, https:\/\/klangatelier.at\/wp-content\/uploads\/2025\/01\/1f21440a-c76d-4f11-ae14-dfb4d73bc6fe-1152x1536.jpeg 1152w, https:\/\/klangatelier.at\/wp-content\/uploads\/2025\/01\/1f21440a-c76d-4f11-ae14-dfb4d73bc6fe.jpeg 1200w\" sizes=\"auto, (max-width: 768px) 100vw, 768px\" \/><\/figure><\/div>\n\n\n\n<p class=\"has-text-align-center has-larger-font-size\">&#8220;<strong>Das Wie macht das Was erst zum Warum.<\/strong>&#8220;<\/p>\n\n\n\n<h2 class=\"wp-block-heading alignwide has-text-align-center\" style=\"font-size:68px\">Unterricht: Klavier, Gesang und Kunst<\/h2>\n\n\n\n<figure class=\"wp-block-gallery alignwide has-nested-images columns-default is-cropped wp-block-gallery-1 is-layout-flex wp-block-gallery-is-layout-flex\">\n<figure class=\"wp-block-image size-large is-style-default\"><img loading=\"lazy\" decoding=\"async\" width=\"1024\" height=\"1024\" data-id=\"1716\" src=\"https:\/\/klangatelier.at\/wp-content\/uploads\/2021\/07\/WhatsApp-Image-2021-07-18-at-15.59.48-1024x1024.jpeg\" alt=\"\" class=\"wp-image-1716\" srcset=\"https:\/\/klangatelier.at\/wp-content\/uploads\/2021\/07\/WhatsApp-Image-2021-07-18-at-15.59.48-1024x1024.jpeg 1024w, https:\/\/klangatelier.at\/wp-content\/uploads\/2021\/07\/WhatsApp-Image-2021-07-18-at-15.59.48-450x450.jpeg 450w, https:\/\/klangatelier.at\/wp-content\/uploads\/2021\/07\/WhatsApp-Image-2021-07-18-at-15.59.48-100x100.jpeg 100w, https:\/\/klangatelier.at\/wp-content\/uploads\/2021\/07\/WhatsApp-Image-2021-07-18-at-15.59.48-600x600.jpeg 600w, https:\/\/klangatelier.at\/wp-content\/uploads\/2021\/07\/WhatsApp-Image-2021-07-18-at-15.59.48-300x300.jpeg 300w, https:\/\/klangatelier.at\/wp-content\/uploads\/2021\/07\/WhatsApp-Image-2021-07-18-at-15.59.48-150x150.jpeg 150w, https:\/\/klangatelier.at\/wp-content\/uploads\/2021\/07\/WhatsApp-Image-2021-07-18-at-15.59.48-768x768.jpeg 768w, https:\/\/klangatelier.at\/wp-content\/uploads\/2021\/07\/WhatsApp-Image-2021-07-18-at-15.59.48-1536x1536.jpeg 1536w, https:\/\/klangatelier.at\/wp-content\/uploads\/2021\/07\/WhatsApp-Image-2021-07-18-at-15.59.48.jpeg 2048w, https:\/\/klangatelier.at\/wp-content\/uploads\/2021\/07\/WhatsApp-Image-2021-07-18-at-15.59.48-1200x1200.jpeg 1200w, https:\/\/klangatelier.at\/wp-content\/uploads\/2021\/07\/WhatsApp-Image-2021-07-18-at-15.59.48-1980x1980.jpeg 1980w\" sizes=\"auto, (max-width: 1024px) 100vw, 1024px\" \/><\/figure>\n\n\n\n<figure class=\"wp-block-image size-large is-style-default\"><img loading=\"lazy\" decoding=\"async\" width=\"1024\" height=\"683\" data-id=\"821\" src=\"https:\/\/klangatelier.at\/wp-content\/uploads\/2021\/05\/Visitenkarte-1-scaled-1-1024x683.jpg\" alt=\"\" class=\"wp-image-821\" srcset=\"https:\/\/klangatelier.at\/wp-content\/uploads\/2021\/05\/Visitenkarte-1-scaled-1-1024x683.jpg 1024w, https:\/\/klangatelier.at\/wp-content\/uploads\/2021\/05\/Visitenkarte-1-scaled-1-600x400.jpg 600w, https:\/\/klangatelier.at\/wp-content\/uploads\/2021\/05\/Visitenkarte-1-scaled-1-300x200.jpg 300w, https:\/\/klangatelier.at\/wp-content\/uploads\/2021\/05\/Visitenkarte-1-scaled-1-768x512.jpg 768w, https:\/\/klangatelier.at\/wp-content\/uploads\/2021\/05\/Visitenkarte-1-scaled-1-1536x1024.jpg 1536w, https:\/\/klangatelier.at\/wp-content\/uploads\/2021\/05\/Visitenkarte-1-scaled-1-2048x1366.jpg 2048w, https:\/\/klangatelier.at\/wp-content\/uploads\/2021\/05\/Visitenkarte-1-scaled-1-1200x800.jpg 1200w, https:\/\/klangatelier.at\/wp-content\/uploads\/2021\/05\/Visitenkarte-1-scaled-1-1980x1320.jpg 1980w\" sizes=\"auto, (max-width: 1024px) 100vw, 1024px\" \/><\/figure>\n\n\n\n<figure class=\"wp-block-image size-large is-style-default\"><img loading=\"lazy\" decoding=\"async\" width=\"1024\" height=\"575\" data-id=\"722\" src=\"https:\/\/klangatelier.at\/wp-content\/uploads\/2021\/05\/IMG_1454-edited-1024x575.jpg\" alt=\"\" class=\"wp-image-722\" srcset=\"https:\/\/klangatelier.at\/wp-content\/uploads\/2021\/05\/IMG_1454-edited-1024x575.jpg 1024w, https:\/\/klangatelier.at\/wp-content\/uploads\/2021\/05\/IMG_1454-edited-scaled-600x337.jpg 600w, https:\/\/klangatelier.at\/wp-content\/uploads\/2021\/05\/IMG_1454-edited-300x168.jpg 300w, https:\/\/klangatelier.at\/wp-content\/uploads\/2021\/05\/IMG_1454-edited-768x431.jpg 768w, https:\/\/klangatelier.at\/wp-content\/uploads\/2021\/05\/IMG_1454-edited-1536x862.jpg 1536w, https:\/\/klangatelier.at\/wp-content\/uploads\/2021\/05\/IMG_1454-edited-2048x1150.jpg 2048w, https:\/\/klangatelier.at\/wp-content\/uploads\/2021\/05\/IMG_1454-edited-1200x674.jpg 1200w, https:\/\/klangatelier.at\/wp-content\/uploads\/2021\/05\/IMG_1454-edited-1980x1112.jpg 1980w\" sizes=\"auto, (max-width: 1024px) 100vw, 1024px\" \/><\/figure>\n<\/figure>\n\n\n\n<h2 class=\"wp-block-heading\">Erwachsene<\/h2>\n\n\n\n<p>Das Tolle am Erwachsensein ist, dass niemand einem sagen kann was man zu tun hat. Oder? Euer Interesse leitet die Entwicklung des Unterrichts. Wir entwickeln aus Euren Interessen p\u00e4dagogische Konzepte, die auch gerne interdisziplin\u00e4r sein k\u00f6nnen. Wir k\u00f6nnen malen, Klavier spielen und singen. Einen Comic erstellen. Einen Malzyklus starten. Eine Animation vollenden. Einen Katalog entwerfen.<\/p>\n\n\n\n<p>Tools wie Adobe Programme wollen wir lernen um sie direkt einzusetzen. Step-by-step-P\u00e4dagogik lehnen wir weitgehendst ab. Wir arbeiten immer projektorientiert.<\/p>\n\n\n\n<figure class=\"wp-block-gallery has-nested-images columns-default is-cropped wp-block-gallery-2 is-layout-flex wp-block-gallery-is-layout-flex\">\n<figure class=\"wp-block-image size-large is-style-default\"><img loading=\"lazy\" decoding=\"async\" width=\"1024\" height=\"683\" data-id=\"3013\" src=\"https:\/\/klangatelier.at\/wp-content\/uploads\/2023\/01\/IMG_2213-scaled-e1672958413956-1024x683.jpeg\" alt=\"\" class=\"wp-image-3013\" srcset=\"https:\/\/klangatelier.at\/wp-content\/uploads\/2023\/01\/IMG_2213-scaled-e1672958413956-1024x683.jpeg 1024w, https:\/\/klangatelier.at\/wp-content\/uploads\/2023\/01\/IMG_2213-scaled-e1672958413956-300x200.jpeg 300w, https:\/\/klangatelier.at\/wp-content\/uploads\/2023\/01\/IMG_2213-scaled-e1672958413956-768x512.jpeg 768w, https:\/\/klangatelier.at\/wp-content\/uploads\/2023\/01\/IMG_2213-scaled-e1672958413956-1536x1024.jpeg 1536w, https:\/\/klangatelier.at\/wp-content\/uploads\/2023\/01\/IMG_2213-scaled-e1672958413956-2048x1366.jpeg 2048w, https:\/\/klangatelier.at\/wp-content\/uploads\/2023\/01\/IMG_2213-scaled-e1672958413956-1200x800.jpeg 1200w, https:\/\/klangatelier.at\/wp-content\/uploads\/2023\/01\/IMG_2213-scaled-e1672958413956-1980x1320.jpeg 1980w, https:\/\/klangatelier.at\/wp-content\/uploads\/2023\/01\/IMG_2213-scaled-e1672958413956-600x400.jpeg 600w\" sizes=\"auto, (max-width: 1024px) 100vw, 1024px\" \/><\/figure>\n\n\n\n<figure class=\"wp-block-image size-large is-style-default\"><img loading=\"lazy\" decoding=\"async\" width=\"986\" height=\"1024\" data-id=\"2892\" src=\"https:\/\/klangatelier.at\/wp-content\/uploads\/2023\/01\/Screenshot-2023-01-01-at-18-13-55-Marie-Therese-Goiser-@imago_art_austria-\u2022-Instagram-Fotos-und-Videos-986x1024.png\" alt=\"\" class=\"wp-image-2892\" srcset=\"https:\/\/klangatelier.at\/wp-content\/uploads\/2023\/01\/Screenshot-2023-01-01-at-18-13-55-Marie-Therese-Goiser-@imago_art_austria-\u2022-Instagram-Fotos-und-Videos-986x1024.png 986w, https:\/\/klangatelier.at\/wp-content\/uploads\/2023\/01\/Screenshot-2023-01-01-at-18-13-55-Marie-Therese-Goiser-@imago_art_austria-\u2022-Instagram-Fotos-und-Videos-289x300.png 289w, https:\/\/klangatelier.at\/wp-content\/uploads\/2023\/01\/Screenshot-2023-01-01-at-18-13-55-Marie-Therese-Goiser-@imago_art_austria-\u2022-Instagram-Fotos-und-Videos-768x797.png 768w, https:\/\/klangatelier.at\/wp-content\/uploads\/2023\/01\/Screenshot-2023-01-01-at-18-13-55-Marie-Therese-Goiser-@imago_art_austria-\u2022-Instagram-Fotos-und-Videos-1479x1536.png 1479w, https:\/\/klangatelier.at\/wp-content\/uploads\/2023\/01\/Screenshot-2023-01-01-at-18-13-55-Marie-Therese-Goiser-@imago_art_austria-\u2022-Instagram-Fotos-und-Videos-1200x1246.png 1200w, https:\/\/klangatelier.at\/wp-content\/uploads\/2023\/01\/Screenshot-2023-01-01-at-18-13-55-Marie-Therese-Goiser-@imago_art_austria-\u2022-Instagram-Fotos-und-Videos-600x623.png 600w, https:\/\/klangatelier.at\/wp-content\/uploads\/2023\/01\/Screenshot-2023-01-01-at-18-13-55-Marie-Therese-Goiser-@imago_art_austria-\u2022-Instagram-Fotos-und-Videos.png 1487w\" sizes=\"auto, (max-width: 986px) 100vw, 986px\" \/><\/figure>\n\n\n\n<figure class=\"wp-block-image size-large is-style-default\"><img loading=\"lazy\" decoding=\"async\" width=\"1024\" height=\"980\" data-id=\"2888\" src=\"https:\/\/klangatelier.at\/wp-content\/uploads\/2023\/01\/Screenshot-2023-01-01-at-18-12-22-Marie-Therese-Goiser-@imago_art_austria-\u2022-Instagram-Fotos-und-Videos-1024x980.png\" alt=\"\" class=\"wp-image-2888\" srcset=\"https:\/\/klangatelier.at\/wp-content\/uploads\/2023\/01\/Screenshot-2023-01-01-at-18-12-22-Marie-Therese-Goiser-@imago_art_austria-\u2022-Instagram-Fotos-und-Videos-1024x980.png 1024w, https:\/\/klangatelier.at\/wp-content\/uploads\/2023\/01\/Screenshot-2023-01-01-at-18-12-22-Marie-Therese-Goiser-@imago_art_austria-\u2022-Instagram-Fotos-und-Videos-300x287.png 300w, https:\/\/klangatelier.at\/wp-content\/uploads\/2023\/01\/Screenshot-2023-01-01-at-18-12-22-Marie-Therese-Goiser-@imago_art_austria-\u2022-Instagram-Fotos-und-Videos-768x735.png 768w, https:\/\/klangatelier.at\/wp-content\/uploads\/2023\/01\/Screenshot-2023-01-01-at-18-12-22-Marie-Therese-Goiser-@imago_art_austria-\u2022-Instagram-Fotos-und-Videos-1536x1469.png 1536w, https:\/\/klangatelier.at\/wp-content\/uploads\/2023\/01\/Screenshot-2023-01-01-at-18-12-22-Marie-Therese-Goiser-@imago_art_austria-\u2022-Instagram-Fotos-und-Videos-1200x1148.png 1200w, https:\/\/klangatelier.at\/wp-content\/uploads\/2023\/01\/Screenshot-2023-01-01-at-18-12-22-Marie-Therese-Goiser-@imago_art_austria-\u2022-Instagram-Fotos-und-Videos-600x574.png 600w, https:\/\/klangatelier.at\/wp-content\/uploads\/2023\/01\/Screenshot-2023-01-01-at-18-12-22-Marie-Therese-Goiser-@imago_art_austria-\u2022-Instagram-Fotos-und-Videos.png 1614w\" sizes=\"auto, (max-width: 1024px) 100vw, 1024px\" \/><\/figure>\n<\/figure>\n\n\n\n<div class=\"wp-block-group\"><div class=\"wp-block-group__inner-container is-layout-constrained wp-block-group-is-layout-constrained\">\n<h2 class=\"wp-block-heading\">Kinder<\/h2>\n\n\n\n<p>Der Unterricht zeichnet sich durch <strong>Spa\u00df<\/strong> am eigenst\u00e4ndigen Lernen, <strong>stressfreien<\/strong> Nachmittagen und den Fokus auf das Erwerben <strong>neuer F\u00e4higkeiten<\/strong> aus. Je nach Phase des Unterricht passt sich das p\u00e4dagogische Konzept an die Kinder an. <strong>Sensorisches Training<\/strong> trifft hier <strong>Wahrnehmungsschulung<\/strong>. Wir bewegen uns im Kunstunterricht auch gerne <strong>outdoor<\/strong>.<\/p>\n\n\n\n<blockquote class=\"wp-block-quote &lt;span class= is-layout-flow wp-block-quote-is-layout-flow\">\n<p>Wichtig ist mir als p\u00e4dagogische Leiterin, dass die Kinder sehen, dass Menschen im <strong>gleichen Raum verschiedene Sachen lernen<\/strong> k\u00f6nnen und wollen &#8211; das erm\u00f6glicht den Weitblick und die Neugierde Neues zu entdecken und zu meistern. Auch die <strong>Neugierde<\/strong> anderen Menschen gegen\u00fcber wird dadurch gest\u00e4rkt, was wiederum einen sehr positiven Effekt auf die soziale Kompetenz des Kindes hat. <\/p>\n<cite>Leitung, MAGO KLANGATELIER<\/cite><\/blockquote>\n\n\n\n<figure class=\"wp-block-gallery has-nested-images columns-default is-cropped wp-block-gallery-3 is-layout-flex wp-block-gallery-is-layout-flex\">\n<figure class=\"wp-block-image size-large is-style-default\"><img loading=\"lazy\" decoding=\"async\" width=\"1024\" height=\"1024\" data-id=\"2613\" src=\"https:\/\/klangatelier.at\/wp-content\/uploads\/2022\/01\/PREISE_Finger-von-hinten-scaled-edited-1-1024x1024.jpg\" alt=\"\" class=\"wp-image-2613\" srcset=\"https:\/\/klangatelier.at\/wp-content\/uploads\/2022\/01\/PREISE_Finger-von-hinten-scaled-edited-1-1024x1024.jpg 1024w, https:\/\/klangatelier.at\/wp-content\/uploads\/2022\/01\/PREISE_Finger-von-hinten-scaled-edited-1-450x450.jpg 450w, https:\/\/klangatelier.at\/wp-content\/uploads\/2022\/01\/PREISE_Finger-von-hinten-scaled-edited-1-100x100.jpg 100w, https:\/\/klangatelier.at\/wp-content\/uploads\/2022\/01\/PREISE_Finger-von-hinten-scaled-edited-1-600x600.jpg 600w, https:\/\/klangatelier.at\/wp-content\/uploads\/2022\/01\/PREISE_Finger-von-hinten-scaled-edited-1-300x300.jpg 300w, https:\/\/klangatelier.at\/wp-content\/uploads\/2022\/01\/PREISE_Finger-von-hinten-scaled-edited-1-150x150.jpg 150w, https:\/\/klangatelier.at\/wp-content\/uploads\/2022\/01\/PREISE_Finger-von-hinten-scaled-edited-1-768x767.jpg 768w, https:\/\/klangatelier.at\/wp-content\/uploads\/2022\/01\/PREISE_Finger-von-hinten-scaled-edited-1-1200x1199.jpg 1200w, https:\/\/klangatelier.at\/wp-content\/uploads\/2022\/01\/PREISE_Finger-von-hinten-scaled-edited-1.jpg 1438w\" sizes=\"auto, (max-width: 1024px) 100vw, 1024px\" \/><\/figure>\n\n\n\n<figure class=\"wp-block-image size-large is-style-default\"><img loading=\"lazy\" decoding=\"async\" width=\"1024\" height=\"683\" data-id=\"2303\" src=\"https:\/\/klangatelier.at\/wp-content\/uploads\/2021\/10\/IMG_2973-1-1024x683.jpg\" alt=\"\" class=\"wp-image-2303\" srcset=\"https:\/\/klangatelier.at\/wp-content\/uploads\/2021\/10\/IMG_2973-1-1024x683.jpg 1024w, https:\/\/klangatelier.at\/wp-content\/uploads\/2021\/10\/IMG_2973-1-scaled-600x400.jpg 600w, https:\/\/klangatelier.at\/wp-content\/uploads\/2021\/10\/IMG_2973-1-300x200.jpg 300w, https:\/\/klangatelier.at\/wp-content\/uploads\/2021\/10\/IMG_2973-1-768x512.jpg 768w, https:\/\/klangatelier.at\/wp-content\/uploads\/2021\/10\/IMG_2973-1-1536x1024.jpg 1536w, https:\/\/klangatelier.at\/wp-content\/uploads\/2021\/10\/IMG_2973-1-2048x1365.jpg 2048w, https:\/\/klangatelier.at\/wp-content\/uploads\/2021\/10\/IMG_2973-1-1200x800.jpg 1200w, https:\/\/klangatelier.at\/wp-content\/uploads\/2021\/10\/IMG_2973-1-1980x1320.jpg 1980w\" sizes=\"auto, (max-width: 1024px) 100vw, 1024px\" \/><\/figure>\n\n\n\n<figure class=\"wp-block-image size-large is-style-default\"><img loading=\"lazy\" decoding=\"async\" width=\"1024\" height=\"979\" data-id=\"2244\" src=\"https:\/\/klangatelier.at\/wp-content\/uploads\/2021\/10\/Gesangsworkshop_Klavierbegleitung_Sophie-1024x979.jpg\" alt=\"\" class=\"wp-image-2244\" srcset=\"https:\/\/klangatelier.at\/wp-content\/uploads\/2021\/10\/Gesangsworkshop_Klavierbegleitung_Sophie-1024x979.jpg 1024w, https:\/\/klangatelier.at\/wp-content\/uploads\/2021\/10\/Gesangsworkshop_Klavierbegleitung_Sophie-scaled-600x574.jpg 600w, https:\/\/klangatelier.at\/wp-content\/uploads\/2021\/10\/Gesangsworkshop_Klavierbegleitung_Sophie-300x287.jpg 300w, https:\/\/klangatelier.at\/wp-content\/uploads\/2021\/10\/Gesangsworkshop_Klavierbegleitung_Sophie-768x735.jpg 768w, https:\/\/klangatelier.at\/wp-content\/uploads\/2021\/10\/Gesangsworkshop_Klavierbegleitung_Sophie-1536x1469.jpg 1536w, https:\/\/klangatelier.at\/wp-content\/uploads\/2021\/10\/Gesangsworkshop_Klavierbegleitung_Sophie-2048x1959.jpg 2048w, https:\/\/klangatelier.at\/wp-content\/uploads\/2021\/10\/Gesangsworkshop_Klavierbegleitung_Sophie-1200x1148.jpg 1200w, https:\/\/klangatelier.at\/wp-content\/uploads\/2021\/10\/Gesangsworkshop_Klavierbegleitung_Sophie-1980x1894.jpg 1980w\" sizes=\"auto, (max-width: 1024px) 100vw, 1024px\" \/><\/figure>\n<\/figure>\n<\/div><\/div>\n\n\n\n<h2 class=\"wp-block-heading\">Echte Fallbeispiele<\/h2>\n\n\n\n<h4 class=\"wp-block-heading\">Clara, die Kreative (4 Jahre)<\/h4>\n\n\n\n<p>Clara ist 4 Jahre alt. Sie liebt Musik, singt immer mit und ohne Buntstiften geht sie fast nicht au\u00dfer Haus. Meistens glaubt sie auch alles dreht sich nur um sie. Gruppenunterricht w\u00fcrde ihr sicher gut tun.<\/p>\n\n\n\n<h4 class=\"wp-block-heading\">Maximilian, der Stille (11 Jahre)<\/h4>\n\n\n\n<p>Maximilian muss mit einem tragischen Verlust leben, das meistert er ganz gro\u00dfartig. Am Klavier driftet er gerne ab und obwohl es scheint, dass er sich nicht gut konzentriere kann, schafft er es ganz gekonnt detailliert Geschichten zu erz\u00e4hlen. Final konnten wir mit Maximilian Bilder in Zeichentrickfilmideen verwandeln, die seine Klavierkompositionen beinhalteten. <\/p>\n\n\n\n<h4 class=\"wp-block-heading\">Franz, der Unvollendete (43 Jahre)<\/h4>\n\n\n\n<p>Franz will singen. Franz wollte schon immer singen. N\u00e4mlich klassisch. Erst als bei Franz Kehlkopfkrebs diagnostiziert wurde hat er sich \u00fcberwinden k\u00f6nnen klassischen Gesangsunterricht zu nehmen. Franz hat eine tolle Stimme. Schade, dass er es erst mit 43 Jahren zu uns geschafft hat. Besser sp\u00e4t, als nie. Franz suchte auch ein ruhiges Hobby: Malerei\/Zeichnung.<\/p>\n\n\n\n<h4 class=\"wp-block-heading\">Alexandra, die Suchende (25 Jahre)<\/h4>\n\n\n\n<p>Alexandra spielt schon lange Klavier. Sie schreibt Lieder und Texte um sich zum Ausdruck zu bringen. Aber sie schafft es nicht sich auf einzelne St\u00fccke zu konzentrieren und f\u00fchlt sich ein bisschen in der Produktion gefangen. Gesangs- und Kompositionsunterricht w\u00fcrde ihr gut tun. <\/p>\n\n\n\n<h4 class=\"wp-block-heading\">Susanne, die Andere (17 Jahre)<\/h4>\n\n\n\n<p>Susanne liebt Japan. Sie liebt wie es ausschaut, sie liebt die Kultur, sie liebt die Sprache. Am Liebsten w\u00fcrde sie sofort nach Japan abhauen und eins mit dieser exotischen Welt werden. Manga, Anime, J-Pop, alles. Japanisches Klavier in Ghibli-Filmen bringt sie zum Schmelzen.<\/p>\n\n\n\n<h4 class=\"wp-block-heading\">Marie, das Chaos (14 Jahre)<\/h4>\n\n\n\n<p>Puh, jetzt haben wir ein Problem. Die Marie, die will n\u00e4mlich alles machen: Animation, Klaviermusik, Gesang, Illustration&#8230; Marie behauptet, sie w\u00fcrde alle ihre Ideen zu einem Gesamtkunstwerk zusammenf\u00fcgen k\u00f6nnen und m\u00f6chte sich unbedingt beweisen. Marie soll alles bekommen, was sie braucht.<\/p>\n\n\n\n<figure class=\"wp-block-pullquote\"><blockquote><p><strong>Das Individuum steht im Zentrum des Unterrichts. Wir geben richtungsweisenden Input und vermitteln Tools um sich noch besser lesen zu lernen.<\/strong><\/p><cite>Leitung, MAGO KLANGATELIER<\/cite><\/blockquote><\/figure>\n","protected":false},"excerpt":{"rendered":"<p>Marie-Therese Goiser Learn from the Professional Universit\u00e4t Wien, Hosei Universit\u00e4t (Tokio), Universit\u00e9 Paris, Angewandte. &#8220;Ich war auf Wanderschaft und vereine in meiner P\u00e4dagogik s\u00e4mtliches Wissen meiner Reisen. Vieles ist in der Post-Produktion im Atelier entstanden und manches unterwegs. Mir ist wichtig meinen Unterricht nicht nur in Wien anzubieten, deswegen ist Online-Unterricht eine gute Alternative mit [&hellip;]<\/p>\n","protected":false},"author":1,"featured_media":0,"parent":0,"menu_order":0,"comment_status":"closed","ping_status":"closed","template":"templates\/template-full-width.php","meta":{"footnotes":""},"class_list":["post-1899","page","type-page","status-publish","hentry"],"_links":{"self":[{"href":"https:\/\/klangatelier.at\/en\/wp-json\/wp\/v2\/pages\/1899","targetHints":{"allow":["GET"]}}],"collection":[{"href":"https:\/\/klangatelier.at\/en\/wp-json\/wp\/v2\/pages"}],"about":[{"href":"https:\/\/klangatelier.at\/en\/wp-json\/wp\/v2\/types\/page"}],"author":[{"embeddable":true,"href":"https:\/\/klangatelier.at\/en\/wp-json\/wp\/v2\/users\/1"}],"replies":[{"embeddable":true,"href":"https:\/\/klangatelier.at\/en\/wp-json\/wp\/v2\/comments?post=1899"}],"version-history":[{"count":9,"href":"https:\/\/klangatelier.at\/en\/wp-json\/wp\/v2\/pages\/1899\/revisions"}],"predecessor-version":[{"id":3796,"href":"https:\/\/klangatelier.at\/en\/wp-json\/wp\/v2\/pages\/1899\/revisions\/3796"}],"wp:attachment":[{"href":"https:\/\/klangatelier.at\/en\/wp-json\/wp\/v2\/media?parent=1899"}],"curies":[{"name":"wp","href":"https:\/\/api.w.org\/{rel}","templated":true}]}}