{"id":3516,"date":"2025-01-08T00:20:53","date_gmt":"2025-01-07T23:20:53","guid":{"rendered":"https:\/\/klangatelier.at\/?page_id=3516"},"modified":"2025-01-22T23:06:31","modified_gmt":"2025-01-22T22:06:31","slug":"student_form","status":"publish","type":"page","link":"https:\/\/klangatelier.at\/en\/student_form\/","title":{"rendered":"Anmeldeformular"},"content":{"rendered":"\n<h2 class=\"wp-block-heading has-text-align-center\">KUNST:STUDIUM<\/h2>\n\n\n\n<p>Willkommen im virtuellen Anmelderaum! Stell dich bitte kurz vor und verrate uns warum du bei uns ein Studium anfangen m\u00f6chtest. Machst du schon l\u00e4nger Kunst oder ist das etwas ganz Neues f\u00fcr dich? Verfolgst du eine bestimmte Idee oder hast du bereits ein Ziel, das du erreichen m\u00f6chtest? Wir freuen uns sehr Gleichgesinnte kennenzulernen und zu vernetzen.<\/p>\n\n\n<p>[contact-form-7 id=&#8221;d3588fb&#8221; title=&#8221;Anmeldeformular Kunststudium&#8221;]<\/p>\n","protected":false},"excerpt":{"rendered":"<p>KUNST:STUDIUM Willkommen im virtuellen Anmelderaum! Stell dich bitte kurz vor und verrate uns warum du bei uns ein Studium anfangen m\u00f6chtest. Machst du schon l\u00e4nger Kunst oder ist das etwas ganz Neues f\u00fcr dich? Verfolgst du eine bestimmte Idee oder hast du bereits ein Ziel, das du erreichen m\u00f6chtest? Wir freuen uns sehr Gleichgesinnte kennenzulernen [&hellip;]<\/p>\n","protected":false},"author":1,"featured_media":3009,"parent":0,"menu_order":0,"comment_status":"closed","ping_status":"closed","template":"templates\/template-cover.php","meta":{"footnotes":""},"class_list":["post-3516","page","type-page","status-publish","has-post-thumbnail","hentry"],"_links":{"self":[{"href":"https:\/\/klangatelier.at\/en\/wp-json\/wp\/v2\/pages\/3516","targetHints":{"allow":["GET"]}}],"collection":[{"href":"https:\/\/klangatelier.at\/en\/wp-json\/wp\/v2\/pages"}],"about":[{"href":"https:\/\/klangatelier.at\/en\/wp-json\/wp\/v2\/types\/page"}],"author":[{"embeddable":true,"href":"https:\/\/klangatelier.at\/en\/wp-json\/wp\/v2\/users\/1"}],"replies":[{"embeddable":true,"href":"https:\/\/klangatelier.at\/en\/wp-json\/wp\/v2\/comments?post=3516"}],"version-history":[{"count":6,"href":"https:\/\/klangatelier.at\/en\/wp-json\/wp\/v2\/pages\/3516\/revisions"}],"predecessor-version":[{"id":3731,"href":"https:\/\/klangatelier.at\/en\/wp-json\/wp\/v2\/pages\/3516\/revisions\/3731"}],"wp:featuredmedia":[{"embeddable":true,"href":"https:\/\/klangatelier.at\/en\/wp-json\/wp\/v2\/media\/3009"}],"wp:attachment":[{"href":"https:\/\/klangatelier.at\/en\/wp-json\/wp\/v2\/media?parent=3516"}],"curies":[{"name":"wp","href":"https:\/\/api.w.org\/{rel}","templated":true}]}}