{"id":7,"date":"2020-11-25T10:54:56","date_gmt":"2020-11-25T09:54:56","guid":{"rendered":"http:\/\/klangatelier.at\/?page_id=7"},"modified":"2025-01-09T12:55:57","modified_gmt":"2025-01-09T11:55:57","slug":"ueber-uns","status":"publish","type":"page","link":"https:\/\/klangatelier.at\/ja\/ueber-uns\/","title":{"rendered":"\u00dcber uns"},"content":{"rendered":"\n<p class=\"<span class=\">Das <span class=\"mago-klangatelier\">MAGO KLANGATELIER<\/span> fand seine Anf\u00e4nge bereits 2005 in St. P\u00f6lten, als ehrenamtliche Einrichtung f\u00fcr Klavierp\u00e4dagogik. Das Angebot wuchs in den folgenden Jahren. <strong>Auslandsbesuche<\/strong> und damit verbundene <strong>B\u00fchnenpr\u00e4senz<\/strong> in u.a. <strong>Japan<\/strong> und <strong>Ausstellung<\/strong> im Rahmen des TAKE FESTIVALS und PLAYGROUND FESTIVALS in Wien st\u00e4rkten die bereits lange \u00dcberzeugung dem Lehrangebot des <span class=\"mago-klangatelier\">MAGO KLANGATELIER<\/span>s mehr Schulcharakter zu verleihen. Der <strong>Kindergruppenbetreuerin<\/strong> im Team mit <strong>Montessori<\/strong>-Hintergrund verdanken wir ein liebevolles, p\u00e4dagogisches Konzept mit beeindruckenden Lernerfolgen.<\/p>\n\n\n\n<figure class=\"wp-block-gallery alignwide has-nested-images columns-default is-cropped wp-block-gallery-1 is-layout-flex wp-block-gallery-is-layout-flex\">\n<figure class=\"wp-block-image size-large is-style-default\"><img loading=\"lazy\" decoding=\"async\" width=\"768\" height=\"1024\" data-id=\"3597\" src=\"https:\/\/klangatelier.at\/wp-content\/uploads\/2025\/01\/1f21440a-c76d-4f11-ae14-dfb4d73bc6fe-768x1024.jpeg\" alt=\"\" class=\"wp-image-3597\" srcset=\"https:\/\/klangatelier.at\/wp-content\/uploads\/2025\/01\/1f21440a-c76d-4f11-ae14-dfb4d73bc6fe-768x1024.jpeg 768w, https:\/\/klangatelier.at\/wp-content\/uploads\/2025\/01\/1f21440a-c76d-4f11-ae14-dfb4d73bc6fe-225x300.jpeg 225w, https:\/\/klangatelier.at\/wp-content\/uploads\/2025\/01\/1f21440a-c76d-4f11-ae14-dfb4d73bc6fe-1152x1536.jpeg 1152w, https:\/\/klangatelier.at\/wp-content\/uploads\/2025\/01\/1f21440a-c76d-4f11-ae14-dfb4d73bc6fe.jpeg 1200w\" sizes=\"auto, (max-width: 768px) 100vw, 768px\" \/><\/figure>\n\n\n\n<figure class=\"wp-block-image size-large is-style-rounded\"><img loading=\"lazy\" decoding=\"async\" width=\"680\" height=\"1024\" data-id=\"3452\" src=\"https:\/\/klangatelier.at\/wp-content\/uploads\/2025\/01\/WhatsApp-Bild-2025-01-07-um-19.13.48_badecf74-680x1024.jpg\" alt=\"\" class=\"wp-image-3452\" srcset=\"https:\/\/klangatelier.at\/wp-content\/uploads\/2025\/01\/WhatsApp-Bild-2025-01-07-um-19.13.48_badecf74-680x1024.jpg 680w, https:\/\/klangatelier.at\/wp-content\/uploads\/2025\/01\/WhatsApp-Bild-2025-01-07-um-19.13.48_badecf74-199x300.jpg 199w, https:\/\/klangatelier.at\/wp-content\/uploads\/2025\/01\/WhatsApp-Bild-2025-01-07-um-19.13.48_badecf74-768x1156.jpg 768w, https:\/\/klangatelier.at\/wp-content\/uploads\/2025\/01\/WhatsApp-Bild-2025-01-07-um-19.13.48_badecf74-1020x1536.jpg 1020w, https:\/\/klangatelier.at\/wp-content\/uploads\/2025\/01\/WhatsApp-Bild-2025-01-07-um-19.13.48_badecf74.jpg 1063w\" sizes=\"auto, (max-width: 680px) 100vw, 680px\" \/><\/figure>\n\n\n\n<figure class=\"wp-block-image size-large is-style-default\"><img decoding=\"async\" data-id=\"3647\" src=\"https:\/\/klangatelier.at\/wp-content\/uploads\/2025\/01\/7027456E-2FC1-42D0-9001-5392643DCBFC-1024x768.jpeg\" alt=\"\" class=\"wp-image-3647\"\/><\/figure>\n<\/figure>\n\n\n\n<p>Geleitet wird das <span class=\"mago-klangatelier\">MAGO KLANGATELIER<\/span>  von der interdisziplin\u00e4ren K\u00fcnstlerin und Musikerin Marie-Therese Goiser. <\/p>\n\n\n\n<p>2021 bieten wir als einzige und erste p\u00e4dagogische Einrichtung in <strong>St.P\u00f6lten<\/strong> intergenerativen Unterricht in 3D-Modellierung und Animation f\u00fcr Kinder, Erwachsene und Senior*innen an und spielen mit unserem au\u00dfergew\u00f6hnlichen Lehrangebot und Kurszusammenstellungen eine <strong>Ausnahmerolle <\/strong>in St.P\u00f6lten und Wien &#8211; worauf wir stolz sind. <strong>Ausstellungs- und Auftrittsm\u00f6glichkeiten<\/strong> sind auch Teil des p\u00e4dagogischen Angebots.<\/p>\n\n\n\n<figure class=\"wp-block-pullquote is-style-default\"><blockquote><p>Teamwork ist uns nicht nur in der Arbeit wichtig, sondern auch mit unseren Eltern und Sch\u00fcler*innen. Wir halten euch up-to-date und feiern gemeinsam Eure p\u00e4dagogischen Errungenschaften. <br>Neugierde wecken und Aufkl\u00e4rung anbieten. <\/p><cite>Leitung, MAGO KLANGATELIER<\/cite><\/blockquote><\/figure>\n\n\n\n<p>Der <strong>pers\u00f6nliche Kundenkontakt<\/strong> und die<strong> liebevolle Betreuung<\/strong> der Kinder wie Eltern sind f\u00fcr uns eine Selbstverst\u00e4ndlichkeit und wir sind begeistert von eurem <strong>positiven Feedback<\/strong>. Die Betreuung unserer J\u00fcngsten ist uns besonders wichtig und wir freuen uns jedes Mal Jungmusiker- und k\u00fcnstler*innen sowie digitale Held*innen zu begleiten.<\/p>\n\n\n\n<p class=\"has-text-align-left\">Der Unterricht des <span class=\"mago-klangatelier\">MAGO KLANGATELIER<\/span>s versteht sich als <strong>anti-rassistisch<\/strong>, <strong>anti-sexistisch<\/strong>, <strong>genderneutral<\/strong> und <strong>weltoffen<\/strong>. Das <strong>selbstst\u00e4ndige Erarbeiten<\/strong> und <strong>Lernen<\/strong> setzen wir hier in den Vordergrund. Sch\u00fcler*innen, die keine Fragen stellen finden wir immer suspekt und die Aktivierung der <strong>Neugierde<\/strong> ist uns wichtig. Schubladen lehnen wir zur G\u00e4nze ab und wir w\u00fcnschen uns eine Welt in der ein Mensch als Mensch verstanden wird, der sich der Kunst, Musik, Sprachen, Digital Art &#038; Web bedient um ein <strong>friedvolles <\/strong>und<strong> aufgekl\u00e4rtes Leben<\/strong> genie\u00dfen zu k\u00f6nnen. <\/p>\n","protected":false},"excerpt":{"rendered":"<p>Das MAGO KLANGATELIER fand seine Anf\u00e4nge bereits 2005 in St. P\u00f6lten, als ehrenamtliche Einrichtung f\u00fcr Klavier [&hellip;]<\/p>\n","protected":false},"author":1,"featured_media":0,"parent":0,"menu_order":0,"comment_status":"closed","ping_status":"closed","template":"templates\/template-full-width.php","meta":{"footnotes":""},"class_list":["post-7","page","type-page","status-publish","hentry"],"_links":{"self":[{"href":"https:\/\/klangatelier.at\/ja\/wp-json\/wp\/v2\/pages\/7","targetHints":{"allow":["GET"]}}],"collection":[{"href":"https:\/\/klangatelier.at\/ja\/wp-json\/wp\/v2\/pages"}],"about":[{"href":"https:\/\/klangatelier.at\/ja\/wp-json\/wp\/v2\/types\/page"}],"author":[{"embeddable":true,"href":"https:\/\/klangatelier.at\/ja\/wp-json\/wp\/v2\/users\/1"}],"replies":[{"embeddable":true,"href":"https:\/\/klangatelier.at\/ja\/wp-json\/wp\/v2\/comments?post=7"}],"version-history":[{"count":9,"href":"https:\/\/klangatelier.at\/ja\/wp-json\/wp\/v2\/pages\/7\/revisions"}],"predecessor-version":[{"id":3709,"href":"https:\/\/klangatelier.at\/ja\/wp-json\/wp\/v2\/pages\/7\/revisions\/3709"}],"wp:attachment":[{"href":"https:\/\/klangatelier.at\/ja\/wp-json\/wp\/v2\/media?parent=7"}],"curies":[{"name":"wp","href":"https:\/\/api.w.org\/{rel}","templated":true}]}}